{"id":5,"date":"2017-09-24T16:08:33","date_gmt":"2017-09-24T14:08:33","guid":{"rendered":"http:\/\/georges-daudet.fr\/?page_id=5"},"modified":"2024-08-14T17:52:25","modified_gmt":"2024-08-14T15:52:25","slug":"une-histoire-a-completer","status":"publish","type":"page","link":"https:\/\/georges-daudet.fr\/","title":{"rendered":"Une histoire \u00e0 compl\u00e9ter"},"content":{"rendered":"<h5>Rep\u00e8res biographiques :<\/h5>\n<p>11\/03\/1902 : naissance \u00e0 Chaillac, Indre, p\u00e8re m\u00e9treur, m\u00e8re sans profession<br \/>\n1920 ? : cours par correspondance conducteur de travaux publics<br \/>\n12\/05\/1922 &#8211; 3\/11\/1923 : service militaire, 2\u00e8me classe<br \/>\n1925 ? : adh\u00e9sion au parti \u00ab\u00a0Le Faisceau\u00a0\u00bb<br \/>\n1933 : adh\u00e9sion au \u00ab\u00a0Parti Social-National\u00a0\u00bb, membre du comit\u00e9 ex\u00e9cutif<br \/>\n1934 ? : conducteur de travaux \u00ab\u00a0La Callandrite\u00a0\u00bb<br \/>\n1935 ? : conducteur de travaux \u00ab\u00a0Desplat et Lefevre\u00a0\u00bb<br \/>\n16\/02\/1936 : candidat second tour des municipales compl\u00e9mentaires Paris, 2\u00e8me arrondissement, quartier du Mail<br \/>\n26\/04\/1936 : candidat l\u00e9gislatives 2\u00e8me arrondissement de Paris<br \/>\n30\/04\/1936 : condamnation 50 francs pour injures et diffamation<br \/>\n1936 ? : collaboration \u00e0 \u00ab\u00a0La Victoire\u00a0\u00bb et \u00e0 \u00ab\u00a0La Voix de l&rsquo;Est Parisien\u00a0\u00bb, secr\u00e9taire g\u00e9n\u00e9ral de la \u00ab\u00a0F\u00e9d\u00e9ration nationale des mutil\u00e9s, victimes de guerre et anciens combattants\u00a0\u00bb<br \/>\n27\/09\/1937 : cr\u00e9ation d&rsquo;une soci\u00e9t\u00e9 \u00e9mettrice de fractionnement en 10\u00e8mes de billets de la Loterie Nationale<br \/>\n13\/05\/1938 : cr\u00e9ation de la \u00ab\u00a0Conf\u00e9d\u00e9ration Nationale des Comit\u00e9s de Salut Public\u00a0\u00bb<br \/>\n27\/05\/1938 au 22\/4\/1939 : parution de 4 num\u00e9ros de \u00ab\u00a0Forces Fran\u00e7aises\u00a0\u00bb, le cinqui\u00e8me (n\u00b01 nouvelle s\u00e9rie) entra\u00eene l&rsquo;ouverture d&rsquo;une information pour \u00ab\u00a0propagande \u00e9trang\u00e8re\u00a0\u00bb<br \/>\n03\/09\/1939 &#8211; 12\/8\/1940 : rappel sous les drapeaux (service g\u00e9ographique de l&rsquo;arm\u00e9e)<br \/>\nnovembre 1940 : g\u00e9rant de \u00ab\u00a0La France au Travail\u00a0\u00bb<br \/>\nnovembre 1941 : propri\u00e9taire g\u00e9rant de \u00ab\u00a0La France Socialiste\u00a0\u00bb<br \/>\n16\/12\/1941 : condamnation (50 francs) pour tentative d&rsquo;extorsion de fonds (commise en 1938)<br \/>\n11\/03\/1943 : condamnation en appel pour l&rsquo;affaire de 1938 : 500 francs<br \/>\nseptembre 1944 : fuite, caches diverses<br \/>\n05\/02\/1945 &#8211; 15\/05\/1946 : L\u00e9gion \u00e9trang\u00e8re<br \/>\n1947 ? : gestion d&rsquo;h\u00f4tels \u00e0 Marseille<br \/>\n04\/08\/1947 : condamnation \u00e0 5 ans d&#8217;emprisonnement pour \u00ab\u00a0activit\u00e9 antinationale\u00a0\u00bb par la Cour de justice de Lyon (journal \u00ab\u00a0L&rsquo;Effort\u00a0\u00bb)<br \/>\n15\/09\/1947 : entr\u00e9e en Suisse<br \/>\n19\/11\/1947 : condamnation \u00e0 mort par contumace pour \u00ab\u00a0intelligence avec l&rsquo;Allemagne\u00a0\u00bb par la Cour de justice de la Seine (journaux \u00ab\u00a0La France au Travail\u00a0\u00bb et \u00ab\u00a0La France Socialiste\u00a0\u00bb)<br \/>\n17\/11\/1958 : d\u00e9c\u00e8s \u00e0 Sion (Valais, Suisse)<\/p>\n<h5>Points \u00e0 compl\u00e9ter :<\/h5>\n<ul>\n<li>Que fait G. Daudet entre 1927 et 1933 (entre Le Faisceau, disparu en 1927, et le Parti Social National, cr\u00e9\u00e9 en 1933)\u00a0?<br \/>\nPuis entre 1935 (fin du PSN) et sa premi\u00e8re apparition publique connue, en f\u00e9vrier 1936 (candidature surprise au second tour contre Armand Lanote \u00e0 la municipale partielle ci\u2011dessous)\u00a0?<\/li>\n<li>Quel lien avec Georges Ortoli, candidat \u00e0 l\u2019\u00e9lection municipale partielle du quartier du Mail \u00e0 Paris (2<sup>\u00e8me<\/sup>), qui retire sa candidature au lendemain du premier tour (6\u00a0f\u00e9vrier\u00a01936) au profit de G. Daudet pour le second tour\u00a0?<\/li>\n<li>Quel courant politique, parti, ligue\u2026 derri\u00e8re la candidature de G. Daudet (DAVDET sur les affiches, suite \u00e0 une \u00ab\u00a0erreur de l\u2019imprimeur\u00a0\u00bb d\u2019apr\u00e8s les r\u00e9cits familiaux) aux l\u00e9gislatives du 26 avril 1936\u00a0?<\/li>\n<li>Que fut la participation de G. Daudet \u00e0 la campagne \u00e9lectorale de Paul Poncet battu par Jacques Duclos \u00e0 Montreuil le 3 mai 1936, campagne qui serait \u00e0 l\u2019origine de sa relation avec Pierre Laval\u00a0?<\/li>\n<li>Qu\u2019est-ce que \u00ab\u00a0La Voix de l\u2019Est Parisien\u00a0\u00bb\u00a0? Archives\u00a0?<br \/>\nQuelles traces de la pr\u00e9sence de G. Daudet dans la r\u00e9daction et ou l&rsquo;administration de \u00ab\u00a0La Victoire\u00a0\u00bb et de \u00ab\u00a0La voix de l&rsquo;Est Parisien\u00a0\u00bb ?<\/li>\n<li>L\u2019appartenance de G. Daudet \u00e0 l&rsquo;Entente Internationale Anticommuniste de Th. Aubert n&rsquo;est pas d\u00e9montr\u00e9e (pas de trace dans l&rsquo;\u00e9tude de M. Caillat).<br \/>\nS&rsquo;agit-il plut\u00f4t de la Ligue Internationale Anticommuniste de Fran\u00e7ois de Boisjolin ?<\/li>\n<li>Comment expliquer qu\u2019entre 1936 et 1937 G. Daudet passe du statut de salari\u00e9 dans des entreprises de travaux publics, vivant en h\u00f4tel, payant difficilement ses factures, au statut de \u00ab\u00a0secr\u00e9taire g\u00e9n\u00e9ral de la F\u00e9d\u00e9ration Nationale des Mutil\u00e9s, Victimes de la Guerre et Anciens Combattants (14 Bd. Montmartre)\u00a0\u00bb, puis \u00ab\u00a0d\u2019exploitant d\u2019un commerce pour la vente de billets de la Loterie Nationale, 24 rue Francoeur, d\u2019ao\u00fbt 37 \u00e0 avril 38\u00a0\u00bb (que J.-P.\u00a0Leli\u00e8vre appelle \u00ab\u00a0Office F\u00e9d\u00e9ral de vente de participations \u00e0 la Loterie Nationale\u00a0\u00bb) avant de cr\u00e9er la Conf\u00e9d\u00e9ration Nationale des Comit\u00e9s de Salut Public\u00a0et de publier Forces Fran\u00e7aises\u00a0(rapport d\u2019enqu\u00eate Pr\u00e9fecture de Police, 5<sup>\u00e8me<\/sup> section, Renseignements g\u00e9n\u00e9raux, 21 septembre 1938, sur demande du 2<sup>\u00e8me<\/sup> Bureau)\u00a0?<\/li>\n<li>D\u2019o\u00f9 vient l\u2019argent\u00a0?<br \/>\n&#8211; Des b\u00e9n\u00e9fices du commerce de la Loterie\u00a0?<br \/>\n&#8211; D\u2019un \u00ab\u00a0racket\u00a0\u00bb comme celui apparemment tent\u00e9 en septembre 1938 contre un certain Godeau et sanctionn\u00e9 par le jugement du 16 d\u00e9cembre 1941, aggrav\u00e9 en appel le 11 mars 1943\u00a0?<br \/>\n&#8211; Du patrimoine familial\u00a0? D\u2019apr\u00e8s Pierre Vernay, \u00ab\u00a0il \u00e9tait assez fortun\u00e9\u00a0\u00bb\u2026 \u00ab\u00a0il m\u2019avait dit poss\u00e9der des biens, en province, qu\u2019il avait r\u00e9alis\u00e9s\u00a0\u00bb\u2026 il aurait \u00ab\u00a0re\u00e7u de l\u2019argent de sa famille, notamment de sa m\u00e8re et de sa s\u0153ur\u00a0\u00bb\u00a0? D\u2019un h\u00e9ritage (son p\u00e8re est d\u00e9c\u00e9d\u00e9 le 2 juin 1935)\u00a0?<br \/>\n&#8211; De l\u2019ambassade d\u2019Allemagne d\u2019apr\u00e8s Jean-Paul Leli\u00e8vre (co-fondateur de la Conf\u00e9d\u00e9ration avec P. Vernay et G. Daudet) ?<\/li>\n<li>Quel cr\u00e9dit accorder aux \u00ab\u00a0certificats de bonne conduite\u00a0\u00bb de P. Camus (communiste) et de Georges Leclerc (associ\u00e9 d\u2019Edgar Bernheim)\u00a0?<\/li>\n<li>Quelle est la nature de la relation entre G. Daudet et Georges Ventillard, \u00e9diteur, r\u00e9sistant, et le groupe Offenstadt (Soci\u00e9t\u00e9 parisienne d&rsquo;\u00e9dition) ?<\/li>\n<\/ul>\n","protected":false},"excerpt":{"rendered":"<p>Rep\u00e8res biographiques : 11\/03\/1902 : naissance \u00e0 Chaillac, Indre, p\u00e8re m\u00e9treur, m\u00e8re sans profession 1920 ? : cours par correspondance conducteur de travaux publics 12\/05\/1922 &#8211; 3\/11\/1923 : service militaire, 2\u00e8me classe 1925 ? : adh\u00e9sion au parti \u00ab\u00a0Le Faisceau\u00a0\u00bb 1933 : adh\u00e9sion au \u00ab\u00a0Parti Social-National\u00a0\u00bb, membre du comit\u00e9 ex\u00e9cutif 1934 ? : conducteur de &hellip; <\/p>\n<p class=\"link-more\"><a href=\"https:\/\/georges-daudet.fr\/\" class=\"more-link\">Continuer la lecture<span class=\"screen-reader-text\"> de &laquo;&nbsp;Une histoire \u00e0 compl\u00e9ter&nbsp;&raquo;<\/span><\/a><\/p>\n","protected":false},"author":1,"featured_media":0,"parent":0,"menu_order":0,"comment_status":"closed","ping_status":"closed","template":"","meta":[],"_links":{"self":[{"href":"https:\/\/georges-daudet.fr\/index.php\/wp-json\/wp\/v2\/pages\/5"}],"collection":[{"href":"https:\/\/georges-daudet.fr\/index.php\/wp-json\/wp\/v2\/pages"}],"about":[{"href":"https:\/\/georges-daudet.fr\/index.php\/wp-json\/wp\/v2\/types\/page"}],"author":[{"embeddable":true,"href":"https:\/\/georges-daudet.fr\/index.php\/wp-json\/wp\/v2\/users\/1"}],"replies":[{"embeddable":true,"href":"https:\/\/georges-daudet.fr\/index.php\/wp-json\/wp\/v2\/comments?post=5"}],"version-history":[{"count":5,"href":"https:\/\/georges-daudet.fr\/index.php\/wp-json\/wp\/v2\/pages\/5\/revisions"}],"predecessor-version":[{"id":187,"href":"https:\/\/georges-daudet.fr\/index.php\/wp-json\/wp\/v2\/pages\/5\/revisions\/187"}],"wp:attachment":[{"href":"https:\/\/georges-daudet.fr\/index.php\/wp-json\/wp\/v2\/media?parent=5"}],"curies":[{"name":"wp","href":"https:\/\/api.w.org\/{rel}","templated":true}]}}